{"id":171,"date":"2025-02-12T09:55:54","date_gmt":"2025-02-12T08:55:54","guid":{"rendered":"http:\/\/home.foxatwork.be:81\/?page_id=171"},"modified":"2026-01-28T14:52:27","modified_gmt":"2026-01-28T13:52:27","slug":"concours-pepins","status":"publish","type":"page","link":"https:\/\/www.ccpl-esneux.be\/?page_id=171","title":{"rendered":"Concours P\u00e9pins 2026"},"content":{"rendered":"\n<p><\/p>\n\n\n\n<h2 class=\"wp-block-heading\">Les p\u00e9pins c\u00f4toient la Science-Fiction<\/h2>\n\n\n\n<p><br>Le concours p\u00e9pins, un d\u00e9fi d\u2019\u00e9criture d\u2019histoire tr\u00e8s br\u00e8ves aura comme <strong>\u00e9ch\u00e9ance le 13 f\u00e9vrier 2026<\/strong>. <\/p>\n\n\n\n<p>Le th\u00e8me de l\u2019ann\u00e9e sera <strong>l\u2019exploration<\/strong>&nbsp;; pas forc\u00e9ment dans un monde de science-fiction.<\/p>\n\n\n\n<p>Le r\u00e8glement est inchang\u00e9&nbsp;: <strong>pas plus de 400 caract\u00e8res<\/strong>, plusieurs textes autoris\u00e9s par \u00e9crivant. <\/p>\n\n\n\n<p>Le concours ouvert \u00e0 toutes et \u00e0 tous, et comprend trois cat\u00e9gories d\u2019\u00e2ge (enfants, ados et adultes). Il sera pr\u00e9sent\u00e9 dans le prochain bulletin communal. <\/p>\n\n\n\n<p>Toutes les informations peuvent \u00eatre trouv\u00e9es ci-dessous.<\/p>\n\n\n\n<div data-wp-interactive=\"core\/file\" class=\"wp-block-file\"><object data-wp-bind--hidden=\"!state.hasPdfPreview\" hidden class=\"wp-block-file__embed\" data=\"https:\/\/www.ccpl-esneux.be\/wp-content\/uploads\/2026\/01\/Pepins2026_reglement_A4-1.pdf\" type=\"application\/pdf\" style=\"width:100%;height:600px\" aria-label=\"Contenu embarqu\u00e9 P\u00e9pins2026_r\u00e8glement_A4-1.\"><\/object><a id=\"wp-block-file--media-4c28227f-b3c2-4d96-a833-f564e4d81b8a\" href=\"https:\/\/www.ccpl-esneux.be\/wp-content\/uploads\/2026\/01\/Pepins2026_reglement_A4-1.pdf\">P\u00e9pins2026_r\u00e8glement_A4-1<\/a><a href=\"https:\/\/www.ccpl-esneux.be\/wp-content\/uploads\/2026\/01\/Pepins2026_reglement_A4-1.pdf\" class=\"wp-block-file__button wp-element-button\" download aria-describedby=\"wp-block-file--media-4c28227f-b3c2-4d96-a833-f564e4d81b8a\">T\u00e9l\u00e9charger<\/a><\/div>\n\n\n\n<figure class=\"wp-block-gallery has-nested-images columns-default is-cropped wp-block-gallery-1 is-layout-flex wp-block-gallery-is-layout-flex\">\n<figure class=\"wp-block-image size-large\"><img loading=\"lazy\" decoding=\"async\" width=\"720\" height=\"1024\" data-id=\"614\" src=\"https:\/\/www.ccpl-esneux.be\/wp-content\/uploads\/2026\/01\/Pepins_2026_visuel-720x1024.jpg\" alt=\"\" class=\"wp-image-614\" srcset=\"https:\/\/www.ccpl-esneux.be\/wp-content\/uploads\/2026\/01\/Pepins_2026_visuel-720x1024.jpg 720w, https:\/\/www.ccpl-esneux.be\/wp-content\/uploads\/2026\/01\/Pepins_2026_visuel-211x300.jpg 211w, https:\/\/www.ccpl-esneux.be\/wp-content\/uploads\/2026\/01\/Pepins_2026_visuel-768x1092.jpg 768w, https:\/\/www.ccpl-esneux.be\/wp-content\/uploads\/2026\/01\/Pepins_2026_visuel.jpg 1041w\" sizes=\"auto, (max-width: 720px) 100vw, 720px\" \/><\/figure>\n<\/figure>\n\n\n\n<figure class=\"wp-block-image size-large\"><img loading=\"lazy\" decoding=\"async\" width=\"1024\" height=\"576\" src=\"https:\/\/www.ccpl-esneux.be\/wp-content\/uploads\/2025\/09\/Pep-ados1-1024x576.jpg\" alt=\"\" class=\"wp-image-491\" srcset=\"https:\/\/www.ccpl-esneux.be\/wp-content\/uploads\/2025\/09\/Pep-ados1-1024x576.jpg 1024w, https:\/\/www.ccpl-esneux.be\/wp-content\/uploads\/2025\/09\/Pep-ados1-300x169.jpg 300w, https:\/\/www.ccpl-esneux.be\/wp-content\/uploads\/2025\/09\/Pep-ados1-768x432.jpg 768w, https:\/\/www.ccpl-esneux.be\/wp-content\/uploads\/2025\/09\/Pep-ados1-1536x864.jpg 1536w, https:\/\/www.ccpl-esneux.be\/wp-content\/uploads\/2025\/09\/Pep-ados1-2048x1152.jpg 2048w\" sizes=\"auto, (max-width: 1024px) 100vw, 1024px\" \/><\/figure>\n\n\n\n<figure class=\"wp-block-image size-large\"><img loading=\"lazy\" decoding=\"async\" width=\"1024\" height=\"576\" src=\"https:\/\/www.ccpl-esneux.be\/wp-content\/uploads\/2025\/09\/Pep-ados-1024x576.jpg\" alt=\"\" class=\"wp-image-492\" srcset=\"https:\/\/www.ccpl-esneux.be\/wp-content\/uploads\/2025\/09\/Pep-ados-1024x576.jpg 1024w, https:\/\/www.ccpl-esneux.be\/wp-content\/uploads\/2025\/09\/Pep-ados-300x169.jpg 300w, https:\/\/www.ccpl-esneux.be\/wp-content\/uploads\/2025\/09\/Pep-ados-768x432.jpg 768w, https:\/\/www.ccpl-esneux.be\/wp-content\/uploads\/2025\/09\/Pep-ados-1536x864.jpg 1536w, https:\/\/www.ccpl-esneux.be\/wp-content\/uploads\/2025\/09\/Pep-ados-2048x1152.jpg 2048w\" sizes=\"auto, (max-width: 1024px) 100vw, 1024px\" \/><\/figure>\n","protected":false},"excerpt":{"rendered":"<p>Les p\u00e9pins c\u00f4toient la Science-Fiction Le concours p\u00e9pins, un d\u00e9fi d\u2019\u00e9criture d\u2019histoire tr\u00e8s br\u00e8ves aura comme \u00e9ch\u00e9ance le 13 f\u00e9vrier 2026. Le th\u00e8me de l\u2019ann\u00e9e sera l\u2019exploration&nbsp;; pas forc\u00e9ment dans un monde de science-fiction. Le r\u00e8glement est inchang\u00e9&nbsp;: pas plus de 400 caract\u00e8res, plusieurs textes autoris\u00e9s par \u00e9crivant. Le concours ouvert \u00e0 toutes et \u00e0 [&hellip;]<\/p>\n","protected":false},"author":1,"featured_media":0,"parent":0,"menu_order":0,"comment_status":"closed","ping_status":"closed","template":"","meta":{"footnotes":""},"class_list":["post-171","page","type-page","status-publish","hentry"],"_links":{"self":[{"href":"https:\/\/www.ccpl-esneux.be\/index.php?rest_route=\/wp\/v2\/pages\/171","targetHints":{"allow":["GET"]}}],"collection":[{"href":"https:\/\/www.ccpl-esneux.be\/index.php?rest_route=\/wp\/v2\/pages"}],"about":[{"href":"https:\/\/www.ccpl-esneux.be\/index.php?rest_route=\/wp\/v2\/types\/page"}],"author":[{"embeddable":true,"href":"https:\/\/www.ccpl-esneux.be\/index.php?rest_route=\/wp\/v2\/users\/1"}],"replies":[{"embeddable":true,"href":"https:\/\/www.ccpl-esneux.be\/index.php?rest_route=%2Fwp%2Fv2%2Fcomments&post=171"}],"version-history":[{"count":8,"href":"https:\/\/www.ccpl-esneux.be\/index.php?rest_route=\/wp\/v2\/pages\/171\/revisions"}],"predecessor-version":[{"id":615,"href":"https:\/\/www.ccpl-esneux.be\/index.php?rest_route=\/wp\/v2\/pages\/171\/revisions\/615"}],"wp:attachment":[{"href":"https:\/\/www.ccpl-esneux.be\/index.php?rest_route=%2Fwp%2Fv2%2Fmedia&parent=171"}],"curies":[{"name":"wp","href":"https:\/\/api.w.org\/{rel}","templated":true}]}}