{"id":17,"date":"2024-12-22T22:04:33","date_gmt":"2024-12-22T21:04:33","guid":{"rendered":"http:\/\/192.168.10.105:81\/?page_id=17"},"modified":"2026-01-11T21:14:43","modified_gmt":"2026-01-11T20:14:43","slug":"home-page","status":"publish","type":"page","link":"https:\/\/www.ccpl-esneux.be\/","title":{"rendered":"Home page"},"content":{"rendered":"\n<div class=\"wp-block-cover alignfull\" style=\"margin-top:0;min-height:40vw;aspect-ratio:unset;\"><img loading=\"lazy\" decoding=\"async\" width=\"1966\" height=\"2080\" class=\"wp-block-cover__image-background wp-image-22\" alt=\"\" src=\"https:\/\/www.ccpl-esneux.be\/wp-content\/uploads\/2024\/12\/ccpl-reduit.jpg\" data-object-fit=\"cover\" srcset=\"https:\/\/www.ccpl-esneux.be\/wp-content\/uploads\/2024\/12\/ccpl-reduit.jpg 1966w, https:\/\/www.ccpl-esneux.be\/wp-content\/uploads\/2024\/12\/ccpl-reduit-284x300.jpg 284w, https:\/\/www.ccpl-esneux.be\/wp-content\/uploads\/2024\/12\/ccpl-reduit-968x1024.jpg 968w, https:\/\/www.ccpl-esneux.be\/wp-content\/uploads\/2024\/12\/ccpl-reduit-768x813.jpg 768w, https:\/\/www.ccpl-esneux.be\/wp-content\/uploads\/2024\/12\/ccpl-reduit-1452x1536.jpg 1452w, https:\/\/www.ccpl-esneux.be\/wp-content\/uploads\/2024\/12\/ccpl-reduit-1936x2048.jpg 1936w\" sizes=\"auto, (max-width: 1966px) 100vw, 1966px\" \/><span aria-hidden=\"true\" class=\"wp-block-cover__background has-black-background-color has-background-dim-0 has-background-dim\"><\/span><div class=\"wp-block-cover__inner-container is-layout-flow wp-block-cover-is-layout-flow\">\n<div style=\"margin-top:0;margin-bottom:0;height:50px\" aria-hidden=\"true\" class=\"wp-block-spacer\"><\/div>\n<\/div><\/div>\n\n\n\n<p class=\"has-text-align-center has-text-color has-background has-link-color wp-elements-b6aa1c0bf31beb47f7bd7632815c3f76\" style=\"color:#000000;background-color:#d1bcbc;margin-top:0;margin-right:0;margin-bottom:0;margin-left:0;font-size:clamp(14px, 0.875rem + ((1vw - 3.2px) * 0.682), 20px);\">Nos derniers \u00e9v\u00e8nements<\/p>\n\n\n<ul style=\"color:#02006a;background:linear-gradient(0deg,rgb(255,255,255) 0%,rgb(209,188,188) 100%); font-size:13px; padding-right:var(--wp--preset--spacing--40);padding-left:var(--wp--preset--spacing--40);padding-top:var(--wp--preset--spacing--40);padding-bottom:var(--wp--preset--spacing--40);margin-right:0;margin-left:0;margin-top:0;margin-bottom:0;\" class=\"wp-block-latest-posts__list is-grid columns-5 has-link-color wp-elements-f659a9c8f4a65d5fd4f26f0f06c4e55e wp-block-latest-posts has-text-color has-background\"><li><a class=\"wp-block-latest-posts__post-title\" href=\"https:\/\/www.ccpl-esneux.be\/?p=621\">Festival Lir&rsquo;\u00e9crire 2026<\/a><\/li>\n<li><div class=\"wp-block-latest-posts__featured-image alignleft\"><a href=\"https:\/\/www.ccpl-esneux.be\/?p=599\" aria-label=\"Atelier d&rsquo;\u00e9criture Jetez l&rsquo;encre : Nouvelles dates\"><img loading=\"lazy\" decoding=\"async\" width=\"150\" height=\"150\" src=\"https:\/\/www.ccpl-esneux.be\/wp-content\/uploads\/2025\/02\/lirecrire-e1768162135394-150x150.jpg\" class=\"attachment-thumbnail size-thumbnail wp-post-image\" alt=\"\" style=\"max-width:38px;max-height:38px;\" \/><\/a><\/div><a class=\"wp-block-latest-posts__post-title\" href=\"https:\/\/www.ccpl-esneux.be\/?p=599\">Atelier d&rsquo;\u00e9criture Jetez l&rsquo;encre : Nouvelles dates<\/a><\/li>\n<li><div class=\"wp-block-latest-posts__featured-image alignleft\"><a href=\"https:\/\/www.ccpl-esneux.be\/?p=497\" aria-label=\"2026, l&rsquo;ann\u00e9e de la SF\"><img loading=\"lazy\" decoding=\"async\" width=\"150\" height=\"150\" src=\"https:\/\/www.ccpl-esneux.be\/wp-content\/uploads\/2025\/03\/long-shot-couple-metaverse-date-dessert2-1-scaled-e1761764047132-150x150.jpg\" class=\"attachment-thumbnail size-thumbnail wp-post-image\" alt=\"\" style=\"max-width:38px;max-height:38px;\" \/><\/a><\/div><a class=\"wp-block-latest-posts__post-title\" href=\"https:\/\/www.ccpl-esneux.be\/?p=497\">2026, l&rsquo;ann\u00e9e de la SF<\/a><\/li>\n<li><div class=\"wp-block-latest-posts__featured-image alignleft\"><a href=\"https:\/\/www.ccpl-esneux.be\/?p=490\" aria-label=\"Concours P\u00e9pins 2026\"><img loading=\"lazy\" decoding=\"async\" width=\"150\" height=\"150\" src=\"https:\/\/www.ccpl-esneux.be\/wp-content\/uploads\/2025\/02\/anonymous-woman-making-notes-breakfast-scaled-e1761763964576-150x150.jpg\" class=\"attachment-thumbnail size-thumbnail wp-post-image\" alt=\"\" style=\"max-width:38px;max-height:38px;\" \/><\/a><\/div><a class=\"wp-block-latest-posts__post-title\" href=\"https:\/\/www.ccpl-esneux.be\/?p=490\">Concours P\u00e9pins 2026<\/a><\/li>\n<li><div class=\"wp-block-latest-posts__featured-image alignleft\"><a href=\"https:\/\/www.ccpl-esneux.be\/?p=1\" aria-label=\"4\u1d49 Festival Lir\u2019Ecrire 2025 : Osons la diff\u00e9rence\u202f!\"><img loading=\"lazy\" decoding=\"async\" width=\"150\" height=\"150\" src=\"https:\/\/www.ccpl-esneux.be\/wp-content\/uploads\/2025\/02\/Lirecrire_2025_bandeau_mail-e1743447331378-150x150.png\" class=\"attachment-thumbnail size-thumbnail wp-post-image\" alt=\"\" style=\"max-width:38px;max-height:38px;\" \/><\/a><\/div><a class=\"wp-block-latest-posts__post-title\" href=\"https:\/\/www.ccpl-esneux.be\/?p=1\">4\u1d49 Festival Lir\u2019Ecrire 2025 : Osons la diff\u00e9rence\u202f!<\/a><\/li>\n<\/ul>\n\n\n<div class=\"wp-block-group alignfull has-global-padding is-layout-constrained wp-container-core-group-is-layout-5f95856f wp-block-group-is-layout-constrained\" style=\"margin-top:0;margin-bottom:0;padding-top:2.4rem;padding-right:var(--wp--preset--spacing--40);padding-bottom:var(--wp--preset--spacing--70);padding-left:var(--wp--preset--spacing--40)\">\n<div class=\"wp-block-group alignwide has-global-padding is-layout-constrained wp-block-group-is-layout-constrained\" style=\"padding-bottom:1rem\">\n<h2 class=\"wp-block-heading has-text-align-center has-text-color has-prata-regular-font-family\" style=\"color:#07277c;font-size:clamp(1.556rem, 1.556rem + ((1vw - 0.2rem) * 1.916), 2.61rem);font-style:normal;font-weight:700;line-height:1.5\">Les activit\u00e9s du CCPL<\/h2>\n<\/div>\n\n\n\n<div class=\"wp-block-group alignwide has-global-padding is-layout-constrained wp-container-core-group-is-layout-1cf432e6 wp-block-group-is-layout-constrained\" style=\"margin-top:1.01rem\">\n<div class=\"wp-block-columns alignwide is-layout-flex wp-container-core-columns-is-layout-85231905 wp-block-columns-is-layout-flex\">\n<div class=\"wp-block-column has-text-color has-link-color wp-elements-b8974cfe2b7ebe361d5bae705813321c has-global-padding is-content-justification-center is-layout-constrained wp-container-core-column-is-layout-412b4476 wp-block-column-is-layout-constrained\" style=\"color:#07277c;padding-bottom:2rem\">\n<div class=\"wp-block-group has-global-padding is-layout-constrained wp-container-core-group-is-layout-668d2085 wp-block-group-is-layout-constrained\">\n<figure class=\"wp-block-image aligncenter size-large is-resized\"><a href=\"https:\/\/www.ccpl-esneux.be\/?page_id=118\"><img decoding=\"async\" src=\"https:\/\/www.ccpl-esneux.be\/wp-content\/uploads\/2024\/12\/a-book-774837_19201.jpg\" alt=\"\" style=\"width:232px;height:auto\"\/><\/a><\/figure>\n\n\n\n<h5 class=\"wp-block-heading has-text-align-center has-text-color has-prata-regular-font-family\" style=\"color:#07277c;font-size:clamp(1.044rem, 1.044rem + ((1vw - 0.2rem) * 1.029), 1.61rem);font-style:normal;font-weight:700;line-height:1.4;text-transform:none\"><a href=\"https:\/\/www.ccpl-esneux.be\/?page_id=118\" data-type=\"page\" data-id=\"118\">Cercle de lecture<\/a><\/h5>\n<\/div>\n<\/div>\n\n\n\n<div class=\"wp-block-column has-text-color has-link-color wp-elements-3c49d01f49ecd3a88db7d50eb79d3f3b has-global-padding is-layout-constrained wp-container-core-column-is-layout-a3af4fe5 wp-block-column-is-layout-constrained\" style=\"color:#07277c;padding-bottom:2rem\">\n<div class=\"wp-block-group has-global-padding is-layout-constrained wp-container-core-group-is-layout-668d2085 wp-block-group-is-layout-constrained\">\n<figure class=\"wp-block-image aligncenter size-large is-resized\"><a href=\"https:\/\/www.ccpl-esneux.be\/?page_id=161\"><img decoding=\"async\" src=\"https:\/\/www.ccpl-esneux.be\/wp-content\/uploads\/2024\/12\/motherhood-4624889_1920-edited.jpg\" alt=\"\" style=\"width:233px;height:auto\"\/><\/a><\/figure>\n\n\n\n<h5 class=\"wp-block-heading has-text-align-center has-text-color has-prata-regular-font-family\" style=\"color:#07277c;font-size:clamp(1.044rem, 1.044rem + ((1vw - 0.2rem) * 1.029), 1.61rem);font-style:normal;font-weight:700;line-height:1.4;text-transform:none\"><a href=\"https:\/\/www.ccpl-esneux.be\/?page_id=161\" data-type=\"page\" data-id=\"161\">Conte &#8211; Raconte<\/a><\/h5>\n<\/div>\n<\/div>\n\n\n\n<div class=\"wp-block-column has-text-color has-link-color wp-elements-58adb8c43a2d53b79cbe07e8582fe9a7 has-global-padding is-content-justification-center is-layout-constrained wp-container-core-column-is-layout-412b4476 wp-block-column-is-layout-constrained\" style=\"color:#07277c;padding-bottom:2rem\">\n<div class=\"wp-block-group is-nowrap is-layout-flex wp-container-core-group-is-layout-6c531013 wp-block-group-is-layout-flex\">\n<div class=\"wp-block-group has-text-color has-link-color wp-elements-1c416e9fe1a7a2a082efc400508fcb64 has-global-padding is-layout-constrained wp-container-core-group-is-layout-668d2085 wp-block-group-is-layout-constrained\" style=\"color:#07277c\">\n<figure class=\"wp-block-image aligncenter size-large is-resized\" style=\"margin-right:0;margin-left:0\"><a href=\"https:\/\/www.ccpl-esneux.be\/?page_id=163\"><img decoding=\"async\" src=\"https:\/\/www.ccpl-esneux.be\/wp-content\/uploads\/2025\/02\/anonymous-woman-making-notes-breakfast-edited-1.jpg\" alt=\"\" style=\"width:241px;height:auto\"\/><\/a><\/figure>\n\n\n\n<h5 class=\"wp-block-heading has-text-align-center has-text-color has-prata-regular-font-family\" style=\"color:#07277c;font-size:clamp(1.044rem, 1.044rem + ((1vw - 0.2rem) * 1.029), 1.61rem);font-style:normal;font-weight:700;line-height:1.4;text-transform:none\"><a href=\"https:\/\/www.ccpl-esneux.be\/?page_id=163\" data-type=\"page\" data-id=\"163\" target=\"_blank\" rel=\"noreferrer noopener\">Lir&rsquo;\u00e9crire<\/a><\/h5>\n<\/div>\n<\/div>\n<\/div>\n<\/div>\n<\/div>\n<\/div>\n\n\n\n<div class=\"wp-block-group alignfull has-global-padding is-layout-constrained wp-container-core-group-is-layout-32159f9e wp-block-group-is-layout-constrained\" style=\"margin-top:0;margin-bottom:0;padding-top:3rem;padding-right:var(--wp--preset--spacing--40);padding-bottom:var(--wp--preset--spacing--70);padding-left:var(--wp--preset--spacing--40)\">\n<div class=\"wp-block-group alignwide has-global-padding is-layout-constrained wp-container-core-group-is-layout-1cf432e6 wp-block-group-is-layout-constrained\" style=\"margin-top:1.01rem\">\n<div class=\"wp-block-columns alignwide is-layout-flex wp-container-core-columns-is-layout-85231905 wp-block-columns-is-layout-flex\">\n<div class=\"wp-block-column has-text-color has-link-color wp-elements-8d6dd5fb4ad133a5e42403a0f359eeab has-global-padding is-layout-constrained wp-container-core-column-is-layout-a3af4fe5 wp-block-column-is-layout-constrained\" style=\"color:#07277c;padding-bottom:2rem\">\n<div class=\"wp-block-group has-global-padding is-layout-constrained wp-container-core-group-is-layout-668d2085 wp-block-group-is-layout-constrained\">\n<figure class=\"wp-block-image aligncenter size-large is-resized\"><a href=\"https:\/\/jetez-lencre.sitew.org\/\" target=\"_blank\" rel=\" noreferrer noopener\"><img decoding=\"async\" src=\"https:\/\/www.ccpl-esneux.be\/wp-content\/uploads\/2025\/02\/top-view-hand-writing-love-letter-edited.jpg\" alt=\"\" style=\"width:242px;height:auto\"\/><\/a><\/figure>\n\n\n\n<h5 class=\"wp-block-heading has-text-align-center has-text-color has-prata-regular-font-family\" style=\"color:#07277c;font-size:clamp(1.044rem, 1.044rem + ((1vw - 0.2rem) * 1.029), 1.61rem);font-style:normal;font-weight:700;line-height:1.4;text-transform:none\"><a href=\"https:\/\/jetez-lencre.sitew.org\/\" target=\"_blank\" rel=\"noreferrer noopener\">Atelier d&rsquo;\u00e9criture cr\u00e9ative \u00ab\u00a0Jetez l&rsquo;encre\u00a0\u00bb<\/a><\/h5>\n<\/div>\n<\/div>\n\n\n\n<div class=\"wp-block-column has-text-color has-link-color wp-elements-5b093062c8b8f980962f3d511ddff089 has-global-padding is-content-justification-center is-layout-constrained wp-container-core-column-is-layout-412b4476 wp-block-column-is-layout-constrained\" style=\"color:#07277c;padding-bottom:2rem\">\n<div class=\"wp-block-group has-global-padding is-layout-constrained wp-container-core-group-is-layout-668d2085 wp-block-group-is-layout-constrained\">\n<figure class=\"wp-block-image aligncenter size-large is-resized\"><a href=\"https:\/\/www.ccpl-esneux.be\/?page_id=171\"><img decoding=\"async\" src=\"https:\/\/www.ccpl-esneux.be\/wp-content\/uploads\/2025\/02\/top-view-letters-quotes-still-life-edited.jpg\" alt=\"\" style=\"width:245px;height:auto\"\/><\/a><\/figure>\n\n\n\n<h5 class=\"wp-block-heading has-text-align-center has-text-color has-prata-regular-font-family\" style=\"color:#07277c;font-size:clamp(1.044rem, 1.044rem + ((1vw - 0.2rem) * 1.029), 1.61rem);font-style:normal;font-weight:700;line-height:1.4;text-transform:none\"><a href=\"https:\/\/www.ccpl-esneux.be\/?page_id=171\" data-type=\"page\" data-id=\"171\">Concours P\u00e9pins-Nouvelles<\/a><\/h5>\n<\/div>\n<\/div>\n<\/div>\n<\/div>\n\n\n\n<div class=\"wp-block-columns is-layout-flex wp-container-core-columns-is-layout-28f84493 wp-block-columns-is-layout-flex\">\n<div class=\"wp-block-column is-layout-flow wp-block-column-is-layout-flow\">\n<figure class=\"wp-block-image aligncenter size-large is-resized\"><a href=\"https:\/\/xuense.be\/\" target=\"_blank\" rel=\" noreferrer noopener\"><img decoding=\"async\" src=\"https:\/\/www.ccpl-esneux.be\/wp-content\/uploads\/2025\/03\/long-shot-couple-metaverse-date-dessert2-2-edited.jpg\" alt=\"\" style=\"width:255px;height:auto\"\/><\/a><\/figure>\n\n\n\n<h4 class=\"wp-block-heading has-text-align-center has-text-color has-link-color has-prata-regular-font-family wp-elements-d0d10267220424ba2f2afff1ad794644\" style=\"color:#07277c;font-size:clamp(1.044rem, 1.044rem + ((1vw - 0.2rem) * 1.029), 1.61rem);font-style:normal;font-weight:700\"><a href=\"https:\/\/xuense.be\/\" target=\"_blank\" rel=\"noreferrer noopener\">Convention Science Fiction<\/a><\/h4>\n<\/div>\n\n\n\n<div class=\"wp-block-column is-layout-flow wp-block-column-is-layout-flow\">\n<figure class=\"wp-block-image aligncenter size-large is-resized\"><a href=\"https:\/\/www.ccpl-esneux.be\/?page_id=333\"><img decoding=\"async\" src=\"https:\/\/www.ccpl-esneux.be\/wp-content\/uploads\/2025\/03\/business-person-training-beginner-internship-edited.jpg\" alt=\"\" style=\"width:256px;height:auto\"\/><\/a><\/figure>\n\n\n\n<h4 class=\"wp-block-heading has-text-align-center has-text-color has-link-color has-prata-regular-font-family wp-elements-587ea84e13af359e0fc41ee2febf5638\" style=\"color:#07277c\"><strong><a href=\"https:\/\/www.ccpl-esneux.be\/?page_id=333\" data-type=\"page\" data-id=\"333\">Bibli&rsquo;Auteur<\/a><\/strong><\/h4>\n<\/div>\n<\/div>\n<\/div>\n\n\n\n<div class=\"wp-block-media-text alignfull is-stacked-on-mobile is-image-fill-element has-border-color has-background\" style=\"border-color:#848484;border-width:1px;border-radius:0px;background-color:#9e9b8d;margin-top:var(--wp--preset--spacing--20);margin-bottom:var(--wp--preset--spacing--20);padding-top:var(--wp--preset--spacing--60);padding-bottom:var(--wp--preset--spacing--60);grid-template-columns:42% auto\"><figure class=\"wp-block-media-text__media\"><img loading=\"lazy\" decoding=\"async\" width=\"1024\" height=\"543\" src=\"https:\/\/www.ccpl-esneux.be\/wp-content\/uploads\/2024\/12\/fountain-pen-447575_1920-e1768162237411-1024x543.jpg\" alt=\"\" class=\"wp-image-24 size-full\" style=\"object-position:50% 50%\" srcset=\"https:\/\/www.ccpl-esneux.be\/wp-content\/uploads\/2024\/12\/fountain-pen-447575_1920-e1768162237411-1024x543.jpg 1024w, https:\/\/www.ccpl-esneux.be\/wp-content\/uploads\/2024\/12\/fountain-pen-447575_1920-e1768162237411-300x159.jpg 300w, https:\/\/www.ccpl-esneux.be\/wp-content\/uploads\/2024\/12\/fountain-pen-447575_1920-e1768162237411-768x408.jpg 768w, https:\/\/www.ccpl-esneux.be\/wp-content\/uploads\/2024\/12\/fountain-pen-447575_1920-e1768162237411.jpg 1272w\" sizes=\"auto, (max-width: 1024px) 100vw, 1024px\" \/><\/figure><div class=\"wp-block-media-text__content\">\n<div class=\"wp-block-group alignfull has-text-color has-global-padding is-layout-constrained wp-container-core-group-is-layout-6f61d7e7 wp-block-group-is-layout-constrained\" style=\"color:#252525;margin-top:0px;padding-top:0rem;padding-right:1rem;padding-bottom:0rem;padding-left:1rem;font-size:clamp(0.875rem, 0.875rem + ((1vw - 0.2rem) * 0.464), 1.13rem);font-style:normal;font-weight:400;line-height:1.4\">\n<div class=\"wp-block-group is-vertical is-content-justification-center is-layout-flex wp-container-core-group-is-layout-b6c1f246 wp-block-group-is-layout-flex\">\n<div class=\"wp-block-group has-global-padding is-layout-constrained wp-container-core-group-is-layout-a099c240 wp-block-group-is-layout-constrained\">\n<h2 class=\"wp-block-heading has-text-align-center has-text-color has-prata-regular-font-family\" style=\"color:#07277c;margin-bottom:1.11rem;font-size:clamp(1.556rem, 1.556rem + ((1vw - 0.2rem) * 1.916), 2.61rem);font-style:normal;font-weight:400;line-height:1.2\">Contactez-nous<\/h2>\n\n\n\n<p class=\"has-text-align-center has-text-color has-work-sans-regular-font-family\" style=\"color:#03081e;margin-top:0rem;font-size:clamp(0.875rem, 0.875rem + ((1vw - 0.2rem) * 0.427), 1.11rem);font-style:normal;font-weight:400;line-height:1.6\"><\/p>\n\n\n\n<div class=\"wp-block-group is-vertical is-content-justification-stretch is-layout-flex wp-container-core-group-is-layout-be82aac6 wp-block-group-is-layout-flex\" style=\"margin-top:0rem;padding-right:0px;padding-left:0px\">\n<div class=\"wp-block-group has-global-padding is-content-justification-center is-layout-constrained wp-container-core-group-is-layout-0638dde4 wp-block-group-is-layout-constrained\" style=\"margin-top:0px\">\n<div class=\"wp-block-buttons is-horizontal is-content-justification-right is-layout-flex wp-container-core-buttons-is-layout-1b0e492f wp-block-buttons-is-layout-flex\" style=\"margin-top:2.21rem\">\n<div class=\"wp-block-button has-custom-width wp-block-button__width-100 is-style-fill\"><a class=\"wp-block-button__link has-text-color has-background has-border-color has-work-sans-regular-font-family has-custom-font-size wp-element-button\" href=\"mailto:info@ccpl-esneux.be\" style=\"border-color:#041d55;border-style:solid;border-width:1px;border-radius:2.5rem;color:#07277c;background-color:#ffffff;padding-top:1.1rem;padding-right:0.81rem;padding-bottom:1.1rem;padding-left:0.81rem;font-size:clamp(0.875rem, 0.875rem + ((1vw - 0.2rem) * 0.609), 1.21rem);font-style:normal;font-weight:400;line-height:1;text-transform:capitalize\">Contact<\/a><\/div>\n<\/div>\n<\/div>\n<\/div>\n<\/div>\n<\/div>\n<\/div>\n<\/div><\/div>\n\n\n\n<p><\/p>\n","protected":false},"excerpt":{"rendered":"<p>Nos derniers \u00e9v\u00e8nements Les activit\u00e9s du CCPL Cercle de lecture Conte &#8211; Raconte Lir&rsquo;\u00e9crire Atelier d&rsquo;\u00e9criture cr\u00e9ative \u00ab\u00a0Jetez l&rsquo;encre\u00a0\u00bb Concours P\u00e9pins-Nouvelles Convention Science Fiction Bibli&rsquo;Auteur<\/p>\n","protected":false},"author":1,"featured_media":0,"parent":0,"menu_order":0,"comment_status":"closed","ping_status":"closed","template":"","meta":{"footnotes":""},"class_list":["post-17","page","type-page","status-publish","hentry"],"_links":{"self":[{"href":"https:\/\/www.ccpl-esneux.be\/index.php?rest_route=\/wp\/v2\/pages\/17","targetHints":{"allow":["GET"]}}],"collection":[{"href":"https:\/\/www.ccpl-esneux.be\/index.php?rest_route=\/wp\/v2\/pages"}],"about":[{"href":"https:\/\/www.ccpl-esneux.be\/index.php?rest_route=\/wp\/v2\/types\/page"}],"author":[{"embeddable":true,"href":"https:\/\/www.ccpl-esneux.be\/index.php?rest_route=\/wp\/v2\/users\/1"}],"replies":[{"embeddable":true,"href":"https:\/\/www.ccpl-esneux.be\/index.php?rest_route=%2Fwp%2Fv2%2Fcomments&post=17"}],"version-history":[{"count":92,"href":"https:\/\/www.ccpl-esneux.be\/index.php?rest_route=\/wp\/v2\/pages\/17\/revisions"}],"predecessor-version":[{"id":605,"href":"https:\/\/www.ccpl-esneux.be\/index.php?rest_route=\/wp\/v2\/pages\/17\/revisions\/605"}],"wp:attachment":[{"href":"https:\/\/www.ccpl-esneux.be\/index.php?rest_route=%2Fwp%2Fv2%2Fmedia&parent=17"}],"curies":[{"name":"wp","href":"https:\/\/api.w.org\/{rel}","templated":true}]}}