{"id":163,"date":"2025-02-12T09:46:10","date_gmt":"2025-02-12T08:46:10","guid":{"rendered":"http:\/\/home.foxatwork.be:81\/?page_id=163"},"modified":"2026-01-28T15:07:12","modified_gmt":"2026-01-28T14:07:12","slug":"lirecrire","status":"publish","type":"page","link":"https:\/\/www.ccpl-esneux.be\/?page_id=163","title":{"rendered":"Lir&rsquo;\u00e9crire"},"content":{"rendered":"\n<h2 class=\"wp-block-heading\">Festival Lir&rsquo;\u00e9crire <\/h2>\n\n\n\n<figure class=\"wp-block-image size-large\"><img loading=\"lazy\" decoding=\"async\" width=\"714\" height=\"1024\" src=\"https:\/\/www.ccpl-esneux.be\/wp-content\/uploads\/2026\/01\/Affiche_Lirecrire_2026_v26103-1-pdf-714x1024.jpg\" alt=\"\" class=\"wp-image-607\"\/><\/figure>\n\n\n\n<p>Lir\u00e9crire est un \u00e9v\u00e9nement culturel organis\u00e9 chaque ann\u00e9e par le CCPL, prenant la forme d\u2019animations et d\u2019ateliers rassembl\u00e9s en un festival d\u2019activit\u00e9s autour de la lecture et de l\u2019\u00e9criture, ouvert sur l\u2019oralit\u00e9 et souvent accompagn\u00e9 d\u2019expositions.&nbsp;<\/p>\n\n\n\n<p>Le&nbsp;Lir\u00e9crire 2026 se met sur pied en \u00e9troite association avec la convention de science-fiction qui r\u00e9unit les fans de SF en juillet \u00e0 Tilff.&nbsp;\u00c0 cette occasion, le CCPL vous propose une ribambelle d&rsquo;ateliers, conf\u00e9rences et animations autour de ce genre litt\u00e9raire.<\/p>\n\n\n\n<p><strong>Voici un aper\u00e7u des pr\u00e9sentations, tables rondes et animations :<\/strong><br>&#8211; La science et l&rsquo;exploration de l&rsquo;espace<br>&#8211; La SF en jeux de r\u00f4le : \u00e9crire le monde, \u00e9crire dans un monde<br>&#8211; La SF dans les jeux vid\u00e9o et en bandes dessin\u00e9es<br>&#8211; La SF jeunesse<br>&#8211; Lectures publiques<br>&#8211; Projection de film(s)<\/p>\n\n\n\n<p>\u00c0 l&rsquo;occasion du Lir\u00e9crire, le jury du concours d&rsquo;\u00e9criture P\u00e9pins d&rsquo;Esneux proclamera&nbsp;\u00ab\u00a0th\u00e9\u00e2tralement\u00a0\u00bb les textes laur\u00e9ats de 2026.<\/p>\n\n\n\n<p><strong>Ensuite, un \u00e9ventail d&rsquo;ateliers :<\/strong><br>&#8211; Le worldbuilding : les processus d&rsquo;\u00e9laboration d&rsquo;un monde<br>&#8211; Ateliers d&rsquo;\u00e9criture de SF<br>&#8211; Atelier de collage po\u00e9tique<br>&#8211; Atelier d&rsquo;arpentage dessin\u00e9<br>&#8211; Retour vers l&rsquo;\u00e9criture (atelier fanzine)<br>&#8211; Fabrication de fus\u00e9es et soucoupes volantes<br>&#8211; Tables de jeux de r\u00f4les<\/p>\n\n\n\n<p>Plusieurs expositions, sur les th\u00e9matiques de la SF et de l&rsquo;exploration, vous seront propos\u00e9es durant ces 4 jours.<\/p>\n\n\n\n<p>Le Lir\u00e9crire est aussi l&rsquo;occasion d&rsquo;\u00e9changer avec vos auteurs pr\u00e9f\u00e9r\u00e9s, et de d\u00e9couvrir vos prochains coups de coeur.<\/p>\n\n\n\n<p>Le programme s&rsquo;\u00e9talera du <strong>jeudi 9 au dimanche 12 juillet<\/strong>. Il est en cours de finalisation et il sera communiqu\u00e9 ici dans les prochaines semaines.<\/p>\n\n\n\n<p><strong>Les activit\u00e9s du Lir\u00e9crire sont ouvertes \u00e0 toutes et \u00e0 tous, elles sont gratuites.&nbsp;<\/strong>Le nombre de places dans chaque activit\u00e9 est limit\u00e9, souvent par souci de convivialit\u00e9 pour laisser la place aux \u00e9changes, et parfois limit\u00e9 par la dimension des locaux.&nbsp;Les r\u00e9servations s&rsquo;ouvriront vers la mi-avril; cela sera annonc\u00e9 ici-m\u00eame.&nbsp;Nous vous conseillons de r\u00e9server votre place avant le 15 juin.<\/p>\n\n\n\n<p><\/p>\n\n\n\n<div class=\"wp-block-buttons is-layout-flex wp-block-buttons-is-layout-flex\">\n<div class=\"wp-block-button has-custom-width wp-block-button__width-50\"><a class=\"wp-block-button__link has-text-color has-background has-link-color has-large-font-size has-custom-font-size wp-element-button\" style=\"color:#090071;background-color:#4dece7;padding-top:var(--wp--preset--spacing--40);padding-bottom:var(--wp--preset--spacing--40)\">Voir l&rsquo;\u00e9dition 2025<\/a><\/div>\n<\/div>\n","protected":false},"excerpt":{"rendered":"<p>Festival Lir&rsquo;\u00e9crire Lir\u00e9crire est un \u00e9v\u00e9nement culturel organis\u00e9 chaque ann\u00e9e par le CCPL, prenant la forme d\u2019animations et d\u2019ateliers rassembl\u00e9s en un festival d\u2019activit\u00e9s autour de la lecture et de l\u2019\u00e9criture, ouvert sur l\u2019oralit\u00e9 et souvent accompagn\u00e9 d\u2019expositions.&nbsp; Le&nbsp;Lir\u00e9crire 2026 se met sur pied en \u00e9troite association avec la convention de science-fiction qui r\u00e9unit les [&hellip;]<\/p>\n","protected":false},"author":1,"featured_media":0,"parent":0,"menu_order":0,"comment_status":"closed","ping_status":"closed","template":"","meta":{"footnotes":""},"class_list":["post-163","page","type-page","status-publish","hentry"],"_links":{"self":[{"href":"https:\/\/www.ccpl-esneux.be\/index.php?rest_route=\/wp\/v2\/pages\/163","targetHints":{"allow":["GET"]}}],"collection":[{"href":"https:\/\/www.ccpl-esneux.be\/index.php?rest_route=\/wp\/v2\/pages"}],"about":[{"href":"https:\/\/www.ccpl-esneux.be\/index.php?rest_route=\/wp\/v2\/types\/page"}],"author":[{"embeddable":true,"href":"https:\/\/www.ccpl-esneux.be\/index.php?rest_route=\/wp\/v2\/users\/1"}],"replies":[{"embeddable":true,"href":"https:\/\/www.ccpl-esneux.be\/index.php?rest_route=%2Fwp%2Fv2%2Fcomments&post=163"}],"version-history":[{"count":8,"href":"https:\/\/www.ccpl-esneux.be\/index.php?rest_route=\/wp\/v2\/pages\/163\/revisions"}],"predecessor-version":[{"id":620,"href":"https:\/\/www.ccpl-esneux.be\/index.php?rest_route=\/wp\/v2\/pages\/163\/revisions\/620"}],"wp:attachment":[{"href":"https:\/\/www.ccpl-esneux.be\/index.php?rest_route=%2Fwp%2Fv2%2Fmedia&parent=163"}],"curies":[{"name":"wp","href":"https:\/\/api.w.org\/{rel}","templated":true}]}}