{"id":114,"date":"2025-02-12T10:18:18","date_gmt":"2025-02-12T09:18:18","guid":{"rendered":"http:\/\/192.168.10.105:81\/?page_id=114"},"modified":"2025-10-09T10:48:12","modified_gmt":"2025-10-09T08:48:12","slug":"contact","status":"publish","type":"page","link":"https:\/\/www.ccpl-esneux.be\/?page_id=114","title":{"rendered":"Contact"},"content":{"rendered":"\n<h4 class=\"wp-block-heading has-text-color has-background has-link-color wp-elements-4207fe7e490a2e0aea73c8a0a399dcc0\" style=\"color:#ffffff;background-color:#5089d0;margin-top:var(--wp--preset--spacing--70);margin-bottom:var(--wp--preset--spacing--30)\"><strong>Vous pouvez retrouver nos activit\u00e9s sur deux sites diff\u00e9rents<\/strong> : <\/h4>\n\n\n\n<div class=\"wp-block-group is-nowrap is-layout-flex wp-container-core-group-is-layout-6c531013 wp-block-group-is-layout-flex\">\n<figure class=\"wp-block-image size-full is-resized\"><img loading=\"lazy\" decoding=\"async\" width=\"1024\" height=\"587\" src=\"https:\/\/www.ccpl-esneux.be\/wp-content\/uploads\/2024\/12\/tilff.png\" alt=\"\" class=\"wp-image-115\" style=\"width:378px;height:auto\" srcset=\"https:\/\/www.ccpl-esneux.be\/wp-content\/uploads\/2024\/12\/tilff.png 1024w, https:\/\/www.ccpl-esneux.be\/wp-content\/uploads\/2024\/12\/tilff-300x172.png 300w, https:\/\/www.ccpl-esneux.be\/wp-content\/uploads\/2024\/12\/tilff-768x440.png 768w\" sizes=\"auto, (max-width: 1024px) 100vw, 1024px\" \/><\/figure>\n\n\n\n<h5 class=\"wp-block-heading\">Chateau Brunsode Tilff<\/h5>\n<\/div>\n\n\n\n<div class=\"wp-block-group is-nowrap is-layout-flex wp-container-core-group-is-layout-6c531013 wp-block-group-is-layout-flex\">\n<figure class=\"wp-block-image size-full is-resized\"><img loading=\"lazy\" decoding=\"async\" width=\"474\" height=\"77\" src=\"https:\/\/www.ccpl-esneux.be\/wp-content\/uploads\/2025\/03\/escale.png\" alt=\"\" class=\"wp-image-343\" style=\"width:379px;height:auto\" srcset=\"https:\/\/www.ccpl-esneux.be\/wp-content\/uploads\/2025\/03\/escale.png 474w, https:\/\/www.ccpl-esneux.be\/wp-content\/uploads\/2025\/03\/escale-300x49.png 300w\" sizes=\"auto, (max-width: 474px) 100vw, 474px\" \/><\/figure>\n\n\n\n<h5 class=\"wp-block-heading\">L&rsquo;escale \u00e0 Esneux<\/h5>\n<\/div>\n\n\n\n<h4 class=\"wp-block-heading\" style=\"margin-top:var(--wp--preset--spacing--60);margin-bottom:var(--wp--preset--spacing--20)\">Vous pouvez contacter le CCPL via diff\u00e9rents canaux&nbsp;:<\/h4>\n\n\n\n<figure class=\"wp-block-table is-style-stripes\"><table><thead><tr><th><\/th><th>Nom Pr\u00e9nom<\/th><th class=\"has-text-align-left\" data-align=\"left\">Pour quoi nous contacter<\/th><th>Email<\/th><th class=\"has-text-align-left\" data-align=\"left\"><\/th><\/tr><\/thead><tbody><tr><td>Pr\u00e9sident<\/td><td>Jean-Paul Libotte<\/td><td class=\"has-text-align-left\" data-align=\"left\">Renseignements g\u00e9n\u00e9raux <\/td><td>info@ccpl-esneux.be<\/td><td class=\"has-text-align-left\" data-align=\"left\"><\/td><\/tr><tr><td>Secr\u00e9taire et tr\u00e9sori\u00e8re<\/td><td>Rolande Nizette<\/td><td class=\"has-text-align-left\" data-align=\"left\">Contes-Raconte-Musicologie<\/td><td>info@ccpl-esneux.be<\/td><td class=\"has-text-align-left\" data-align=\"left\"><\/td><\/tr><tr><td>Vice-pr\u00e9sidente<\/td><td>Jo\u00eblle Lebussy<\/td><td class=\"has-text-align-left\" data-align=\"left\">Contes-Racontes-Cercle de Lecture<\/td><td>info@ccpl-esneux.be<\/td><td class=\"has-text-align-left\" data-align=\"left\"><\/td><\/tr><tr><td>Vice-pr\u00e9sident<\/td><td>Olivier Lebussy<\/td><td class=\"has-text-align-left\" data-align=\"left\">Ev\u00e8nementiel &#8211; Concours \u00ab\u00a0P\u00e9pins annuels\u00a0\u00bb<\/td><td>info@ccpl-esneux.be<br><\/td><td class=\"has-text-align-left\" data-align=\"left\"><a href=\"https:\/\/xuense.be\">https:\/\/xuense.be<\/a><\/td><\/tr><tr><td><\/td><td>Gene et les Fran\u00e7oise\u2019s<\/td><td class=\"has-text-align-left\" data-align=\"left\">Animations &#8211; Atelier d&rsquo;\u00e9criture \u00ab\u00a0Jetez l&rsquo;encre\u00a0\u00bb<\/td><td><\/td><td class=\"has-text-align-left\" data-align=\"left\"><a href=\"https:\/\/jetez-lencre.sitew.org\">https:\/\/jetez-lencre.sitew.org<\/a><\/td><\/tr><tr><td><\/td><td>Christelle, Charline et Isabelle<\/td><td class=\"has-text-align-left\" data-align=\"left\">Biblioth\u00e8que Chateau Brunsode<\/td><td>bibliotheques@esneux.be<\/td><td class=\"has-text-align-left\" data-align=\"left\">04 388 19 46<\/td><\/tr><\/tbody><\/table><\/figure>\n\n\n\n<p style=\"margin-bottom:var(--wp--preset--spacing--70)\"><strong>Ouverture de la biblioth\u00e8que&nbsp;: <\/strong><em><u>Lundi<\/u><\/em> : ferm\u00e9\/Mardi :16h00-20h00\/<em><u>Mercredi<\/u><\/em> : 13h00-18h00\/<em><u>Jeudi<\/u><\/em> : 14h00-18h00\/<em><u>Vendredi<\/u><\/em> : 13h00-18h00\/<em><u>Samedi<\/u><\/em> : 9h00-13h00&nbsp;<\/p>\n\n\n\n<p><\/p>\n","protected":false},"excerpt":{"rendered":"<p>Vous pouvez retrouver nos activit\u00e9s sur deux sites diff\u00e9rents : Chateau Brunsode Tilff L&rsquo;escale \u00e0 Esneux Vous pouvez contacter le CCPL via diff\u00e9rents canaux&nbsp;: Nom Pr\u00e9nom Pour quoi nous contacter Email Pr\u00e9sident Jean-Paul Libotte Renseignements g\u00e9n\u00e9raux info@ccpl-esneux.be Secr\u00e9taire et tr\u00e9sori\u00e8re Rolande Nizette Contes-Raconte-Musicologie info@ccpl-esneux.be Vice-pr\u00e9sidente Jo\u00eblle Lebussy Contes-Racontes-Cercle de Lecture info@ccpl-esneux.be Vice-pr\u00e9sident Olivier Lebussy Ev\u00e8nementiel [&hellip;]<\/p>\n","protected":false},"author":1,"featured_media":0,"parent":0,"menu_order":0,"comment_status":"closed","ping_status":"closed","template":"","meta":{"footnotes":""},"class_list":["post-114","page","type-page","status-publish","hentry"],"_links":{"self":[{"href":"https:\/\/www.ccpl-esneux.be\/index.php?rest_route=\/wp\/v2\/pages\/114","targetHints":{"allow":["GET"]}}],"collection":[{"href":"https:\/\/www.ccpl-esneux.be\/index.php?rest_route=\/wp\/v2\/pages"}],"about":[{"href":"https:\/\/www.ccpl-esneux.be\/index.php?rest_route=\/wp\/v2\/types\/page"}],"author":[{"embeddable":true,"href":"https:\/\/www.ccpl-esneux.be\/index.php?rest_route=\/wp\/v2\/users\/1"}],"replies":[{"embeddable":true,"href":"https:\/\/www.ccpl-esneux.be\/index.php?rest_route=%2Fwp%2Fv2%2Fcomments&post=114"}],"version-history":[{"count":10,"href":"https:\/\/www.ccpl-esneux.be\/index.php?rest_route=\/wp\/v2\/pages\/114\/revisions"}],"predecessor-version":[{"id":487,"href":"https:\/\/www.ccpl-esneux.be\/index.php?rest_route=\/wp\/v2\/pages\/114\/revisions\/487"}],"wp:attachment":[{"href":"https:\/\/www.ccpl-esneux.be\/index.php?rest_route=%2Fwp%2Fv2%2Fmedia&parent=114"}],"curies":[{"name":"wp","href":"https:\/\/api.w.org\/{rel}","templated":true}]}}